{"id":865,"date":"2022-06-11T07:25:24","date_gmt":"2022-06-11T07:25:24","guid":{"rendered":"https:\/\/www.jimport.fi\/?post_type=product&#038;p=865"},"modified":"2024-09-24T17:59:52","modified_gmt":"2024-09-24T14:59:52","slug":"tiivistesilikoni-40g","status":"publish","type":"product","link":"https:\/\/www.jimport.fi\/index.php\/tuote\/tiivistesilikoni-40g\/","title":{"rendered":"Kuumakesto tiivistesilikoni 40g"},"content":{"rendered":"<p>K\u00e4tev\u00e4 pikkutuubi. Yleens\u00e4 tulee ostettua se iso tuubi ja ensimm\u00e4isen k\u00e4yt\u00f6n j\u00e4lkeen loput kuivuu sis\u00e4lle<\/p>\n<h2>Tuotekuvaus<\/h2>\n<p>T\u00e4ydellinen korvaus auton tiivisteille ja maataloustraktoreille. Soveltuu moottoreiden ja vaihteistojen, vetoakselien ja pakoj\u00e4rjestelmien tiivist\u00e4miseen. Korkean l\u00e4mp\u00f6tilan silikoni takaa nopean ja joustavan liit\u00e4nn\u00e4n, joka kest\u00e4\u00e4 muuttuvia s\u00e4\u00e4olosuhteita, vett\u00e4, bensiini\u00e4, em\u00e4ksi\u00e4, happoja ja \u00f6ljyj\u00e4.<\/p>\n<h4>Tekniset tiedot<\/h4>\n<ul>\n<li>Erinomainen l\u00e4mp\u00f6tilankest\u00e4vyys: muoto -60 \u00b0C &#8211; 350 \u00b0C<\/li>\n<li>Punainen v\u00e4ri \u2013 helpottaa asennuksen tunnistamista<\/li>\n<li>Erinomainen tarttuvuus ei-huokoisiin pintoihin<\/li>\n<\/ul>\n<h4>Rajoitukset<\/h4>\n<ul>\n<li>\u00c4l\u00e4 k\u00e4yt\u00e4 huokoisille pinnoille, kuten tiilelle, betonille tai kivelle.<\/li>\n<li>\u00c4l\u00e4 k\u00e4yt\u00e4 yhdess\u00e4 bitumin, lyijyn tai asfaltin kanssa.<\/li>\n<li>\u00c4l\u00e4 k\u00e4yt\u00e4 pehmeille metalleille, kuten lyijylle tai messingille.<\/li>\n<li>Yli 285 \u00b0C:n l\u00e4mp\u00f6tiloissa voi esiinty\u00e4 pieni\u00e4 v\u00e4rimuutoksia, mutta liitos s\u00e4ilytt\u00e4\u00e4 eheytens\u00e4.<\/li>\n<li>\u00c4l\u00e4 k\u00e4yt\u00e4 yli 350 \u00b0C<\/li>\n<\/ul>\n","protected":false},"excerpt":{"rendered":"<p>Kuumakesto tiivistesilikoni moottoreiden yms. tiivistyksiin. 350C l\u00e4mm\u00f6nkesto<\/p>\n","protected":false},"featured_media":866,"template":"","meta":{"_monsterinsights_skip_tracking":false,"_monsterinsights_sitenote_active":false,"_monsterinsights_sitenote_note":"","_monsterinsights_sitenote_category":0,"neve_meta_sidebar":"","neve_meta_container":"","neve_meta_enable_content_width":"off","neve_meta_content_width":100,"neve_meta_title_alignment":"","neve_meta_author_avatar":"","neve_post_elements_order":"","neve_meta_disable_header":"","neve_meta_disable_footer":"","neve_meta_disable_title":"","_themeisle_gutenberg_block_has_review":false},"product_brand":[],"product_cat":[133],"product_tag":[],"class_list":{"0":"post-865","1":"product","2":"type-product","3":"status-publish","4":"has-post-thumbnail","6":"product_cat-oljyt-kemikaalit","8":"first","9":"instock","10":"taxable","11":"shipping-taxable","12":"purchasable","13":"product-type-simple"},"supplier_id":null,"supplier_sku":"","barcode":null,"atum_controlled":true,"out_stock_date":null,"out_stock_threshold":null,"inheritable":false,"inbound_stock":0,"stock_on_hold":0,"sold_today":0,"sales_last_days":0,"reserved_stock":0,"customer_returns":0,"warehouse_damage":0,"lost_in_post":0,"other_logs":0,"out_stock_days":0,"lost_sales":0,"has_location":false,"update_date":"2026-05-03T00:44:26","atum_locations":[],"atum_stock_status":"instock","restock_status":false,"low_stock_amount":"","sales_update_date":"2026-05-03T00:44:26","calc_backorders":null,"aioseo_notices":[],"_links":{"self":[{"href":"https:\/\/www.jimport.fi\/index.php\/wp-json\/wp\/v2\/product\/865","targetHints":{"allow":["GET"]}}],"collection":[{"href":"https:\/\/www.jimport.fi\/index.php\/wp-json\/wp\/v2\/product"}],"about":[{"href":"https:\/\/www.jimport.fi\/index.php\/wp-json\/wp\/v2\/types\/product"}],"version-history":[{"count":3,"href":"https:\/\/www.jimport.fi\/index.php\/wp-json\/wp\/v2\/product\/865\/revisions"}],"predecessor-version":[{"id":5147,"href":"https:\/\/www.jimport.fi\/index.php\/wp-json\/wp\/v2\/product\/865\/revisions\/5147"}],"wp:featuredmedia":[{"embeddable":true,"href":"https:\/\/www.jimport.fi\/index.php\/wp-json\/wp\/v2\/media\/866"}],"wp:attachment":[{"href":"https:\/\/www.jimport.fi\/index.php\/wp-json\/wp\/v2\/media?parent=865"}],"wp:term":[{"taxonomy":"product_brand","embeddable":true,"href":"https:\/\/www.jimport.fi\/index.php\/wp-json\/wp\/v2\/product_brand?post=865"},{"taxonomy":"product_cat","embeddable":true,"href":"https:\/\/www.jimport.fi\/index.php\/wp-json\/wp\/v2\/product_cat?post=865"},{"taxonomy":"product_tag","embeddable":true,"href":"https:\/\/www.jimport.fi\/index.php\/wp-json\/wp\/v2\/product_tag?post=865"}],"curies":[{"name":"wp","href":"https:\/\/api.w.org\/{rel}","templated":true}]}}