{"id":883,"date":"2022-06-11T08:27:57","date_gmt":"2022-06-11T08:27:57","guid":{"rendered":"https:\/\/www.jimport.fi\/?post_type=product&#038;p=883"},"modified":"2024-12-23T19:32:29","modified_gmt":"2024-12-23T16:32:29","slug":"kuumaliimapistooli-7mm","status":"publish","type":"product","link":"https:\/\/www.jimport.fi\/index.php\/tuote\/kuumaliimapistooli-7mm\/","title":{"rendered":"Kuumaliimapistooli 7mm"},"content":{"rendered":"<h4>Tekniset ominaisuudet<\/h4>\n<ul>\n<li>Teho: 15 W<\/li>\n<li>K\u00e4ytt\u00f6j\u00e4nnite: 230V \/ 50 Hz<\/li>\n<li>Toimintal\u00e4mp\u00f6tila: 170\u00b0C<\/li>\n<li>Kuumenemisaika: 3-5 min<\/li>\n<li>Tuotto: 4.5g\/min<\/li>\n<li>Puikon maksimi paksuus: 7,2 mm<\/li>\n<\/ul>\n","protected":false},"excerpt":{"rendered":"<p>Edullisin malli kuumaliimaukseen. 7mm kuumaliimapuikoille. Geko<\/p>\n","protected":false},"featured_media":884,"template":"","meta":{"_monsterinsights_skip_tracking":false,"_monsterinsights_sitenote_active":false,"_monsterinsights_sitenote_note":"","_monsterinsights_sitenote_category":0,"neve_meta_sidebar":"","neve_meta_container":"","neve_meta_enable_content_width":"off","neve_meta_content_width":100,"neve_meta_title_alignment":"","neve_meta_author_avatar":"","neve_post_elements_order":"","neve_meta_disable_header":"","neve_meta_disable_footer":"","neve_meta_disable_title":"","_themeisle_gutenberg_block_has_review":false},"product_brand":[],"product_cat":[54],"product_tag":[],"class_list":{"0":"post-883","1":"product","2":"type-product","3":"status-publish","4":"has-post-thumbnail","6":"product_cat-kuumaliima","8":"first","9":"instock","10":"taxable","11":"shipping-taxable","12":"purchasable","13":"product-type-simple"},"supplier_id":null,"supplier_sku":"","barcode":null,"atum_controlled":true,"out_stock_date":null,"out_stock_threshold":null,"inheritable":false,"inbound_stock":0,"stock_on_hold":0,"sold_today":0,"sales_last_days":0,"reserved_stock":0,"customer_returns":0,"warehouse_damage":0,"lost_in_post":0,"other_logs":0,"out_stock_days":0,"lost_sales":0,"has_location":false,"update_date":"2026-05-13T01:00:05","atum_locations":[],"atum_stock_status":"instock","restock_status":false,"low_stock_amount":"","sales_update_date":"2026-05-13T01:00:05","calc_backorders":null,"aioseo_notices":[],"_links":{"self":[{"href":"https:\/\/www.jimport.fi\/index.php\/wp-json\/wp\/v2\/product\/883","targetHints":{"allow":["GET"]}}],"collection":[{"href":"https:\/\/www.jimport.fi\/index.php\/wp-json\/wp\/v2\/product"}],"about":[{"href":"https:\/\/www.jimport.fi\/index.php\/wp-json\/wp\/v2\/types\/product"}],"version-history":[{"count":4,"href":"https:\/\/www.jimport.fi\/index.php\/wp-json\/wp\/v2\/product\/883\/revisions"}],"predecessor-version":[{"id":4613,"href":"https:\/\/www.jimport.fi\/index.php\/wp-json\/wp\/v2\/product\/883\/revisions\/4613"}],"wp:featuredmedia":[{"embeddable":true,"href":"https:\/\/www.jimport.fi\/index.php\/wp-json\/wp\/v2\/media\/884"}],"wp:attachment":[{"href":"https:\/\/www.jimport.fi\/index.php\/wp-json\/wp\/v2\/media?parent=883"}],"wp:term":[{"taxonomy":"product_brand","embeddable":true,"href":"https:\/\/www.jimport.fi\/index.php\/wp-json\/wp\/v2\/product_brand?post=883"},{"taxonomy":"product_cat","embeddable":true,"href":"https:\/\/www.jimport.fi\/index.php\/wp-json\/wp\/v2\/product_cat?post=883"},{"taxonomy":"product_tag","embeddable":true,"href":"https:\/\/www.jimport.fi\/index.php\/wp-json\/wp\/v2\/product_tag?post=883"}],"curies":[{"name":"wp","href":"https:\/\/api.w.org\/{rel}","templated":true}]}}