{"id":907,"date":"2022-06-11T13:12:49","date_gmt":"2022-06-11T13:12:49","guid":{"rendered":"https:\/\/www.jimport.fi\/?post_type=product&#038;p=907"},"modified":"2023-04-25T11:59:23","modified_gmt":"2023-04-25T11:59:23","slug":"hylsy-ja-bits-sarja-102os","status":"publish","type":"product","link":"https:\/\/www.jimport.fi\/index.php\/tuote\/hylsy-ja-bits-sarja-102os\/","title":{"rendered":"Hylsy ja bits sarja 102os"},"content":{"rendered":"<p>L\u00f6ytyy yleisimpi\u00e4 ja hieman harvinaisempia torx, kuusiokolo, tasap\u00e4\u00e4 ja ristip\u00e4\u00e4 kokoja.<\/p>\n<h5>1\/4&#8243; v\u00e4\u00e4ntimelle (L=37mm)<\/h5>\n<ul>\n<li>HEX: H3, H4, H5, H6, H7, H8<\/li>\n<li>XZN: M8, M10, M12<\/li>\n<li>Philips: PH0, PH1, PH2, PH3<\/li>\n<li>Pozidrive: PZ0, PZ1, PZ2, PZ3<\/li>\n<li>SL: 4, 5.5, 6.5, 7 mm<\/li>\n<li>T-Star: T8, T9, T10, T15, T20, T25, T27, T30, T40<\/li>\n<li>TS-Star: TS10, TS15, TS20, TS25, TS27, TS30, TS40, TS45, TS50<\/li>\n<li>Security T-Star: T8, T9, T10, T15, T20, T25, T27, T30, T40<\/li>\n<\/ul>\n<h5>1\/2&#8243; v\u00e4\u00e4ntimelle<\/h5>\n<ul>\n<li>HEX: H5x160mm, H7x230mm, H10x140mm, H11x140mm, H13x140mm, H14x55mm, H17x55mm, H19x55mm, H22x55mm, H24x55mm<\/li>\n<li>XZN: M9x100mm, M10x140mm, M12x140mm, M14x140mm, M16x100mm<\/li>\n<li>XZN rei\u00e4ll\u00e4: M16x55mm<\/li>\n<li>XZN voimahylsy: M18x78mm<\/li>\n<li>T-Star: T30x300mm, T40x140mm, T45x140mm, T50x140mm, T55x140mm, T60x140mm, T70x140mm, T80x100mm<\/li>\n<li>Ribe: R7x240mm, R8x240mm, R9x100mm, R10x140mm<\/li>\n<\/ul>\n","protected":false},"excerpt":{"rendered":"<p>Kattava sarja 1\/4&#8243; ja 1\/2&#8243; hylsyj\u00e4 ja bits p\u00e4it\u00e4 v\u00e4\u00e4ntimiin. Geko<\/p>\n","protected":false},"featured_media":908,"template":"","meta":{"_monsterinsights_skip_tracking":false,"_monsterinsights_sitenote_active":false,"_monsterinsights_sitenote_note":"","_monsterinsights_sitenote_category":0,"neve_meta_sidebar":"","neve_meta_container":"","neve_meta_enable_content_width":"off","neve_meta_content_width":100,"neve_meta_title_alignment":"","neve_meta_author_avatar":"","neve_post_elements_order":"","neve_meta_disable_header":"","neve_meta_disable_footer":"","neve_meta_disable_title":"","_themeisle_gutenberg_block_has_review":false},"product_brand":[],"product_cat":[91],"product_tag":[],"class_list":{"0":"post-907","1":"product","2":"type-product","3":"status-publish","4":"has-post-thumbnail","6":"product_cat-tyokalusarjat","8":"first","9":"instock","10":"taxable","11":"shipping-taxable","12":"purchasable","13":"product-type-simple"},"supplier_id":null,"supplier_sku":"","barcode":null,"atum_controlled":true,"out_stock_date":null,"out_stock_threshold":null,"inheritable":false,"inbound_stock":0,"stock_on_hold":0,"sold_today":0,"sales_last_days":0,"reserved_stock":0,"customer_returns":0,"warehouse_damage":0,"lost_in_post":0,"other_logs":0,"out_stock_days":0,"lost_sales":0,"has_location":false,"update_date":"2026-04-22T00:24:04","atum_locations":[],"atum_stock_status":"instock","restock_status":false,"low_stock_amount":"","sales_update_date":"2026-04-22T00:24:04","calc_backorders":null,"aioseo_notices":[],"_links":{"self":[{"href":"https:\/\/www.jimport.fi\/index.php\/wp-json\/wp\/v2\/product\/907","targetHints":{"allow":["GET"]}}],"collection":[{"href":"https:\/\/www.jimport.fi\/index.php\/wp-json\/wp\/v2\/product"}],"about":[{"href":"https:\/\/www.jimport.fi\/index.php\/wp-json\/wp\/v2\/types\/product"}],"version-history":[{"count":3,"href":"https:\/\/www.jimport.fi\/index.php\/wp-json\/wp\/v2\/product\/907\/revisions"}],"predecessor-version":[{"id":4532,"href":"https:\/\/www.jimport.fi\/index.php\/wp-json\/wp\/v2\/product\/907\/revisions\/4532"}],"wp:featuredmedia":[{"embeddable":true,"href":"https:\/\/www.jimport.fi\/index.php\/wp-json\/wp\/v2\/media\/908"}],"wp:attachment":[{"href":"https:\/\/www.jimport.fi\/index.php\/wp-json\/wp\/v2\/media?parent=907"}],"wp:term":[{"taxonomy":"product_brand","embeddable":true,"href":"https:\/\/www.jimport.fi\/index.php\/wp-json\/wp\/v2\/product_brand?post=907"},{"taxonomy":"product_cat","embeddable":true,"href":"https:\/\/www.jimport.fi\/index.php\/wp-json\/wp\/v2\/product_cat?post=907"},{"taxonomy":"product_tag","embeddable":true,"href":"https:\/\/www.jimport.fi\/index.php\/wp-json\/wp\/v2\/product_tag?post=907"}],"curies":[{"name":"wp","href":"https:\/\/api.w.org\/{rel}","templated":true}]}}