{"id":929,"date":"2022-06-11T14:58:17","date_gmt":"2022-06-11T14:58:17","guid":{"rendered":"https:\/\/www.jimport.fi\/?post_type=product&#038;p=929"},"modified":"2025-05-28T14:29:30","modified_gmt":"2025-05-28T11:29:30","slug":"laakeri-ja-tiiviste-asennustyokalut-10os","status":"publish","type":"product","link":"https:\/\/www.jimport.fi\/index.php\/tuote\/laakeri-ja-tiiviste-asennustyokalut-10os\/","title":{"rendered":"Laakeri ja tiiviste asennusty\u00f6kalut 10os"},"content":{"rendered":"<p>N\u00e4it\u00e4 voi k\u00e4ytt\u00e4\u00e4 pr\u00e4ssin kanssa, p\u00e4\u00e4stell\u00e4 lekalla tai laittaa vaikka kierretanko l\u00e4pi ja ved\u00e4tt\u00e4\u00e4 sill\u00e4. Koot 39.5, 44.5, 50, 59, 63, 65, 72, 76, 81mm<\/p>\n","protected":false},"excerpt":{"rendered":"<p>Monik\u00e4ytt\u00f6iset asennusty\u00f6kalut. Valmistettu alumiinista. Geko<\/p>\n","protected":false},"featured_media":930,"template":"","meta":{"_monsterinsights_skip_tracking":false,"_monsterinsights_sitenote_active":false,"_monsterinsights_sitenote_note":"","_monsterinsights_sitenote_category":0,"neve_meta_sidebar":"","neve_meta_container":"","neve_meta_enable_content_width":"off","neve_meta_content_width":100,"neve_meta_title_alignment":"","neve_meta_author_avatar":"","neve_post_elements_order":"","neve_meta_disable_header":"","neve_meta_disable_footer":"","neve_meta_disable_title":"","_themeisle_gutenberg_block_has_review":false},"product_brand":[],"product_cat":[75,78],"product_tag":[],"class_list":{"0":"post-929","1":"product","2":"type-product","3":"status-publish","4":"has-post-thumbnail","6":"product_cat-puslien-vaihtoon","7":"product_cat-moottorityokaluja","9":"first","10":"instock","11":"taxable","12":"shipping-taxable","13":"purchasable","14":"product-type-simple"},"supplier_id":null,"supplier_sku":"","barcode":null,"atum_controlled":true,"out_stock_date":null,"out_stock_threshold":null,"inheritable":false,"inbound_stock":0,"stock_on_hold":0,"sold_today":0,"sales_last_days":0,"reserved_stock":0,"customer_returns":0,"warehouse_damage":0,"lost_in_post":0,"other_logs":0,"out_stock_days":0,"lost_sales":0,"has_location":false,"update_date":"2026-04-21T00:15:21","atum_locations":[],"atum_stock_status":"instock","restock_status":false,"low_stock_amount":"","sales_update_date":"2026-04-21T00:15:21","calc_backorders":null,"aioseo_notices":[],"_links":{"self":[{"href":"https:\/\/www.jimport.fi\/index.php\/wp-json\/wp\/v2\/product\/929","targetHints":{"allow":["GET"]}}],"collection":[{"href":"https:\/\/www.jimport.fi\/index.php\/wp-json\/wp\/v2\/product"}],"about":[{"href":"https:\/\/www.jimport.fi\/index.php\/wp-json\/wp\/v2\/types\/product"}],"version-history":[{"count":3,"href":"https:\/\/www.jimport.fi\/index.php\/wp-json\/wp\/v2\/product\/929\/revisions"}],"predecessor-version":[{"id":4698,"href":"https:\/\/www.jimport.fi\/index.php\/wp-json\/wp\/v2\/product\/929\/revisions\/4698"}],"wp:featuredmedia":[{"embeddable":true,"href":"https:\/\/www.jimport.fi\/index.php\/wp-json\/wp\/v2\/media\/930"}],"wp:attachment":[{"href":"https:\/\/www.jimport.fi\/index.php\/wp-json\/wp\/v2\/media?parent=929"}],"wp:term":[{"taxonomy":"product_brand","embeddable":true,"href":"https:\/\/www.jimport.fi\/index.php\/wp-json\/wp\/v2\/product_brand?post=929"},{"taxonomy":"product_cat","embeddable":true,"href":"https:\/\/www.jimport.fi\/index.php\/wp-json\/wp\/v2\/product_cat?post=929"},{"taxonomy":"product_tag","embeddable":true,"href":"https:\/\/www.jimport.fi\/index.php\/wp-json\/wp\/v2\/product_tag?post=929"}],"curies":[{"name":"wp","href":"https:\/\/api.w.org\/{rel}","templated":true}]}}