{"id":944,"date":"2022-06-11T16:09:49","date_gmt":"2022-06-11T13:09:49","guid":{"rendered":"https:\/\/www.jimport.fi\/?post_type=product&#038;p=944"},"modified":"2025-12-23T13:52:33","modified_gmt":"2025-12-23T10:52:33","slug":"valohanska","status":"publish","type":"product","link":"https:\/\/www.jimport.fi\/index.php\/tuote\/valohanska\/","title":{"rendered":"Valohanska"},"content":{"rendered":"<p>&nbsp;<\/p>\n<h2>Tuotekuvaus<\/h2>\n<p>Monik\u00e4ytt\u00f6inen k\u00e4sine korjaamiseen ja ty\u00f6skentelyyn pime\u00e4ss\u00e4 paikassa. Ihanteellinen y\u00f6 kalastukseen, autoihin, retkeilyyn, patikointiin, kutomiseen jne.<\/p>\n<h3>Tuotteen ominaisuudet<\/h3>\n<ul>\n<li>Teho: 2x CR2032 litiumparistoa 3V<\/li>\n<li>Universaali koko<\/li>\n<li>S\u00e4\u00e4dett\u00e4v\u00e4 tarranauhaliit\u00e4nt\u00e4 sormen ja rannekkeen v\u00e4lill\u00e4<\/li>\n<li>Kaksi LED-valoa<\/li>\n<li>Kest\u00e4v\u00e4 ja kevyt<\/li>\n<\/ul>\n","protected":false},"excerpt":{"rendered":"<p>Led k\u00e4sine kahdella led valolla<\/p>\n","protected":false},"featured_media":946,"template":"","meta":{"_monsterinsights_skip_tracking":false,"_monsterinsights_sitenote_active":false,"_monsterinsights_sitenote_note":"","_monsterinsights_sitenote_category":0,"neve_meta_sidebar":"","neve_meta_container":"","neve_meta_enable_content_width":"off","neve_meta_content_width":100,"neve_meta_title_alignment":"","neve_meta_author_avatar":"","neve_post_elements_order":"","neve_meta_disable_header":"","neve_meta_disable_footer":"","neve_meta_disable_title":"","_themeisle_gutenberg_block_has_review":false},"product_brand":[],"product_cat":[61],"product_tag":[],"class_list":{"0":"post-944","1":"product","2":"type-product","3":"status-publish","4":"has-post-thumbnail","6":"product_cat-valoja","8":"first","9":"instock","10":"sale","11":"taxable","12":"shipping-taxable","13":"purchasable","14":"product-type-simple"},"supplier_id":null,"supplier_sku":"","barcode":null,"atum_controlled":true,"out_stock_date":null,"out_stock_threshold":null,"inheritable":false,"inbound_stock":0,"stock_on_hold":0,"sold_today":0,"sales_last_days":0,"reserved_stock":0,"customer_returns":0,"warehouse_damage":0,"lost_in_post":0,"other_logs":0,"out_stock_days":0,"lost_sales":0,"has_location":false,"update_date":"2026-05-13T01:00:19","atum_locations":[],"atum_stock_status":"instock","restock_status":false,"low_stock_amount":"","sales_update_date":"2026-05-13T01:00:19","calc_backorders":null,"aioseo_notices":[],"_links":{"self":[{"href":"https:\/\/www.jimport.fi\/index.php\/wp-json\/wp\/v2\/product\/944","targetHints":{"allow":["GET"]}}],"collection":[{"href":"https:\/\/www.jimport.fi\/index.php\/wp-json\/wp\/v2\/product"}],"about":[{"href":"https:\/\/www.jimport.fi\/index.php\/wp-json\/wp\/v2\/types\/product"}],"version-history":[{"count":7,"href":"https:\/\/www.jimport.fi\/index.php\/wp-json\/wp\/v2\/product\/944\/revisions"}],"predecessor-version":[{"id":6572,"href":"https:\/\/www.jimport.fi\/index.php\/wp-json\/wp\/v2\/product\/944\/revisions\/6572"}],"wp:featuredmedia":[{"embeddable":true,"href":"https:\/\/www.jimport.fi\/index.php\/wp-json\/wp\/v2\/media\/946"}],"wp:attachment":[{"href":"https:\/\/www.jimport.fi\/index.php\/wp-json\/wp\/v2\/media?parent=944"}],"wp:term":[{"taxonomy":"product_brand","embeddable":true,"href":"https:\/\/www.jimport.fi\/index.php\/wp-json\/wp\/v2\/product_brand?post=944"},{"taxonomy":"product_cat","embeddable":true,"href":"https:\/\/www.jimport.fi\/index.php\/wp-json\/wp\/v2\/product_cat?post=944"},{"taxonomy":"product_tag","embeddable":true,"href":"https:\/\/www.jimport.fi\/index.php\/wp-json\/wp\/v2\/product_tag?post=944"}],"curies":[{"name":"wp","href":"https:\/\/api.w.org\/{rel}","templated":true}]}}