{"id":985,"date":"2022-06-12T12:24:26","date_gmt":"2022-06-12T12:24:26","guid":{"rendered":"https:\/\/www.jimport.fi\/?post_type=product&#038;p=985"},"modified":"2024-09-27T09:31:17","modified_gmt":"2024-09-27T06:31:17","slug":"ladattava-valaisin-215-led","status":"publish","type":"product","link":"https:\/\/www.jimport.fi\/index.php\/tuote\/ladattava-valaisin-215-led\/","title":{"rendered":"Ladattava valaisin 21+5 LED"},"content":{"rendered":"<h2>Tuotekuvaus<\/h2>\n<h3>Tuotteen ominaisuudet<\/h3>\n<ul>\n<li>Kirkkaat ja pitk\u00e4ik\u00e4iset 26 SMD LED-valot<\/li>\n<li>21LED-tarkastusvalo &amp;; 5LED-taskulamppu<\/li>\n<li>180\u00b0 py\u00f6riv\u00e4 p\u00e4\u00e4 eri valokeilan kulmille<\/li>\n<li>Ladattava Li-Ion-akku<\/li>\n<li>Iskunkest\u00e4v\u00e4 rakenne<\/li>\n<li>\u00d6ljyn- ja vedenkest\u00e4v\u00e4<\/li>\n<\/ul>\n<h4>Tekniset tiedot<\/h4>\n<ul>\n<li>Polttimon tyyppi: SMD LED<\/li>\n<li>Lamppujen lukum\u00e4\u00e4r\u00e4: 21+5<\/li>\n<li>Kirkkaus: 800 luksia<\/li>\n<li>LEDin k\u00e4ytt\u00f6ik\u00e4: 100 000 tuntia<\/li>\n<li>Akun kapasiteetti: 1800 mAh 3.7V Li-Ion<\/li>\n<li>Latausaika: 5 &#8211; 6 tuntia<\/li>\n<li>Kesto: 3 &#8211; 4 tuntia<\/li>\n<li>Lataussovittimet: DC 12V \/ AC 230V<\/li>\n<li>Materiaali: ABS, polykarbonaatti (PC)<\/li>\n<li>Ominaisuudet: magneettinen pohja, ripustuskoukku<\/li>\n<\/ul>\n","protected":false},"excerpt":{"rendered":"<p>Ladattava ty\u00f6valaisin 1800mAh Li-Ion akulla 800lux<\/p>\n","protected":false},"featured_media":986,"template":"","meta":{"_monsterinsights_skip_tracking":false,"_monsterinsights_sitenote_active":false,"_monsterinsights_sitenote_note":"","_monsterinsights_sitenote_category":0,"neve_meta_sidebar":"","neve_meta_container":"","neve_meta_enable_content_width":"off","neve_meta_content_width":100,"neve_meta_title_alignment":"","neve_meta_author_avatar":"","neve_post_elements_order":"","neve_meta_disable_header":"","neve_meta_disable_footer":"","neve_meta_disable_title":"","_themeisle_gutenberg_block_has_review":false},"product_brand":[],"product_cat":[61],"product_tag":[],"class_list":{"0":"post-985","1":"product","2":"type-product","3":"status-publish","4":"has-post-thumbnail","6":"product_cat-valoja","8":"first","9":"outofstock","10":"taxable","11":"shipping-taxable","12":"purchasable","13":"product-type-simple"},"supplier_id":null,"supplier_sku":"","barcode":null,"atum_controlled":true,"out_stock_date":"2024-09-27 09:31:17","out_stock_threshold":null,"inheritable":false,"inbound_stock":0,"stock_on_hold":0,"sold_today":0,"sales_last_days":0,"reserved_stock":0,"customer_returns":0,"warehouse_damage":0,"lost_in_post":0,"other_logs":0,"out_stock_days":592,"lost_sales":1353,"has_location":false,"update_date":"2026-05-13T01:00:13","atum_locations":[],"atum_stock_status":"outofstock","restock_status":false,"low_stock_amount":"","sales_update_date":"2026-05-13T01:00:13","calc_backorders":null,"aioseo_notices":[],"_links":{"self":[{"href":"https:\/\/www.jimport.fi\/index.php\/wp-json\/wp\/v2\/product\/985","targetHints":{"allow":["GET"]}}],"collection":[{"href":"https:\/\/www.jimport.fi\/index.php\/wp-json\/wp\/v2\/product"}],"about":[{"href":"https:\/\/www.jimport.fi\/index.php\/wp-json\/wp\/v2\/types\/product"}],"version-history":[{"count":3,"href":"https:\/\/www.jimport.fi\/index.php\/wp-json\/wp\/v2\/product\/985\/revisions"}],"predecessor-version":[{"id":5158,"href":"https:\/\/www.jimport.fi\/index.php\/wp-json\/wp\/v2\/product\/985\/revisions\/5158"}],"wp:featuredmedia":[{"embeddable":true,"href":"https:\/\/www.jimport.fi\/index.php\/wp-json\/wp\/v2\/media\/986"}],"wp:attachment":[{"href":"https:\/\/www.jimport.fi\/index.php\/wp-json\/wp\/v2\/media?parent=985"}],"wp:term":[{"taxonomy":"product_brand","embeddable":true,"href":"https:\/\/www.jimport.fi\/index.php\/wp-json\/wp\/v2\/product_brand?post=985"},{"taxonomy":"product_cat","embeddable":true,"href":"https:\/\/www.jimport.fi\/index.php\/wp-json\/wp\/v2\/product_cat?post=985"},{"taxonomy":"product_tag","embeddable":true,"href":"https:\/\/www.jimport.fi\/index.php\/wp-json\/wp\/v2\/product_tag?post=985"}],"curies":[{"name":"wp","href":"https:\/\/api.w.org\/{rel}","templated":true}]}}